{"id":19433,"date":"2025-12-29T11:38:18","date_gmt":"2025-12-29T11:38:18","guid":{"rendered":"https:\/\/senior-world.es\/?post_type=product&#038;p=19433"},"modified":"2025-12-30T12:30:22","modified_gmt":"2025-12-30T12:30:22","slug":"andador-rollator-oceano-2-0-aluminio-plegable","status":"publish","type":"product","link":"https:\/\/senior-world.es\/en\/producto\/andador-rollator-oceano-2-0-aluminio-plegable\/","title":{"rendered":"Mopedia Oceano 2.0"},"content":{"rendered":"<p data-start=\"505\" data-end=\"826\"><strong data-start=\"505\" data-end=\"537\">Estructura ligera y plegable<\/strong><br data-start=\"537\" data-end=\"540\" \/>El <em data-start=\"543\" data-end=\"572\">Andador Rollator OCEANO 2.0<\/em> est\u00e1 construido con estructura de aluminio pintado, lo que aporta resistencia sin un peso excesivo. Su dise\u00f1o es completamente plegable, permitiendo guardarlo o transportarlo de forma c\u00f3moda y ocupando poco espacio.<\/p>\n<p data-start=\"828\" data-end=\"1127\"><strong data-start=\"828\" data-end=\"850\">Ruedas y movilidad<\/strong><br data-start=\"850\" data-end=\"853\" \/>Equipa <strong data-start=\"860\" data-end=\"893\">4 ruedas de 20 cm de di\u00e1metro<\/strong>, con <strong data-start=\"899\" data-end=\"949\">2 ruedas delanteras giratorias con reflectante<\/strong> y <strong data-start=\"952\" data-end=\"989\">2 ruedas traseras fijas con freno<\/strong>. Los frenos de las ruedas traseras ofrecen doble funci\u00f3n (permite frenado y posici\u00f3n estacionaria).<\/p>\n<p data-start=\"1129\" data-end=\"1333\"><strong data-start=\"1129\" data-end=\"1149\">Agarre y control<\/strong><br data-start=\"1149\" data-end=\"1152\" \/>Las empu\u00f1aduras son <strong data-start=\"1172\" data-end=\"1209\">anat\u00f3micas y regulables en altura<\/strong> (ajustables entre <strong data-start=\"1228\" data-end=\"1242\">79 \u2013 92 cm<\/strong>), con reflectores integrados para mayor visibilidad.<\/p>\n<p data-start=\"1335\" data-end=\"1520\"><strong data-start=\"1335\" data-end=\"1369\">Asiento y accesorios incluidos<\/strong><br data-start=\"1369\" data-end=\"1372\" \/>Incluye <strong data-start=\"1380\" data-end=\"1425\">asiento con respaldo y bolso portaobjetos<\/strong>. Adem\u00e1s, dispone de <strong data-start=\"1446\" data-end=\"1481\">soporte para muletilla o bast\u00f3n.<\/strong><\/p>\n<p data-start=\"1522\" data-end=\"1556\"><strong data-start=\"1522\" data-end=\"1554\">Dimensiones y espacio de uso<\/strong><\/p>\n<ul data-start=\"1557\" data-end=\"2071\">\n<li data-start=\"1557\" data-end=\"1621\">\n<p data-start=\"1559\" data-end=\"1621\">Ancho total: <strong data-start=\"1572\" data-end=\"1581\">62 cm<\/strong><\/p>\n<\/li>\n<li data-start=\"1622\" data-end=\"1692\">\n<p data-start=\"1624\" data-end=\"1692\">Profundidad total: <strong data-start=\"1643\" data-end=\"1652\">69 cm<\/strong><\/p>\n<\/li>\n<li data-start=\"1693\" data-end=\"1772\">\n<p data-start=\"1695\" data-end=\"1772\">Altura de asiento al suelo: <strong data-start=\"1723\" data-end=\"1732\">54 cm<\/strong><\/p>\n<\/li>\n<li data-start=\"1773\" data-end=\"1852\">\n<p data-start=\"1775\" data-end=\"1852\">Espacio \u00fatil para sentarse: <strong data-start=\"1803\" data-end=\"1812\">45 cm<\/strong><\/p>\n<\/li>\n<li data-start=\"1853\" data-end=\"1968\">\n<p data-start=\"1855\" data-end=\"1968\">Ancho entre empu\u00f1aduras: <strong data-start=\"1880\" data-end=\"1889\">47 cm<\/strong> (dato adicional de fuente alternativa)<\/p>\n<\/li>\n<li data-start=\"1853\" data-end=\"1968\">\n<p data-start=\"1855\" data-end=\"1968\">Ancho plegado: <strong data-start=\"1986\" data-end=\"2000\">24 \u2013 27 cm<\/strong> (peque\u00f1a variaci\u00f3n seg\u00fan fuente)<\/p>\n<\/li>\n<\/ul>\n<p data-start=\"2073\" data-end=\"2095\"><strong data-start=\"2073\" data-end=\"2093\">Peso y capacidad<\/strong><\/p>\n<ul data-start=\"2096\" data-end=\"2278\">\n<li data-start=\"2096\" data-end=\"2196\">\n<p data-start=\"2098\" data-end=\"2196\">Peso total del andador: aproximadamente <strong data-start=\"2138\" data-end=\"2154\">7,6 \u2013 7,9 kg<\/strong><\/p>\n<\/li>\n<li data-start=\"2197\" data-end=\"2278\">\n<p data-start=\"2199\" data-end=\"2278\">Capacidad m\u00e1xima de usuario: <strong data-start=\"2228\" data-end=\"2238\">136 kg<\/strong><\/p>\n<\/li>\n<\/ul>\n<p data-start=\"2280\" data-end=\"2506\"><strong data-start=\"2280\" data-end=\"2294\">Ideal para<\/strong><br data-start=\"2294\" data-end=\"2297\" \/>Personas con movilidad reducida que necesitan apoyo estable al caminar, con opci\u00f3n de sentarse y transportar objetos ligeros, tanto en interiores como exteriores suaves.<\/p>\n","protected":false},"excerpt":{"rendered":"<p>Andador rollator de aluminio plegable con 4 ruedas de 20 cm, frenos traseros con bloqueo y empu\u00f1aduras anat\u00f3micas regulables en altura. Incorpora asiento con respaldo, bolso portaobjetos y soporte para bast\u00f3n, dise\u00f1ado para apoyo en la marcha y descansos puntuales.<\/p>\n","protected":false},"featured_media":19434,"comment_status":"closed","ping_status":"closed","template":"","meta":[],"product_brand":[],"product_cat":[272,273],"product_tag":[],"class_list":{"0":"post-19433","1":"product","2":"type-product","3":"status-publish","4":"has-post-thumbnail","6":"product_cat-mobility-aids","7":"product_cat-rollators","9":"first","10":"instock","11":"shipping-taxable","12":"purchasable","13":"product-type-simple"},"yoast_head":"<!-- This site is optimized with the Yoast SEO plugin v27.3 - https:\/\/yoast.com\/product\/yoast-seo-wordpress\/ -->\n<title>andador rollator oceano 2.0: Ligero y plegable<\/title>\n<meta name=\"description\" content=\"Movilidad c\u00f3moda y ligera con el andador rollator Oceano 2.0, pensado para un manejo sencillo y un almacenamiento pr\u00e1ctico. \u00a1Hazte con \u00e9l ahora!\" \/>\n<meta name=\"robots\" content=\"index, follow, max-snippet:-1, max-image-preview:large, max-video-preview:-1\" \/>\n<link rel=\"canonical\" href=\"https:\/\/senior-world.es\/en\/producto\/andador-rollator-oceano-2-0-aluminio-plegable\/\" \/>\n<meta property=\"og:locale\" content=\"en_US\" \/>\n<meta property=\"og:type\" content=\"article\" \/>\n<meta property=\"og:title\" content=\"andador rollator oceano 2.0: Ligero y plegable\" \/>\n<meta property=\"og:description\" content=\"Movilidad c\u00f3moda y ligera con el andador rollator Oceano 2.0, pensado para un manejo sencillo y un almacenamiento pr\u00e1ctico. \u00a1Hazte con \u00e9l ahora!\" \/>\n<meta property=\"og:url\" content=\"https:\/\/senior-world.es\/en\/producto\/andador-rollator-oceano-2-0-aluminio-plegable\/\" \/>\n<meta property=\"og:site_name\" content=\"Senior World\" \/>\n<meta property=\"article:modified_time\" content=\"2025-12-30T12:30:22+00:00\" \/>\n<meta property=\"og:image\" content=\"https:\/\/senior-world.es\/wp-content\/uploads\/andador-rollator-oceano2.0-senior-world.jpg\" \/>\n\t<meta property=\"og:image:width\" content=\"2000\" \/>\n\t<meta property=\"og:image:height\" content=\"1333\" \/>\n\t<meta property=\"og:image:type\" content=\"image\/jpeg\" \/>\n<meta name=\"twitter:card\" content=\"summary_large_image\" \/>\n<meta name=\"twitter:label1\" content=\"Est. reading time\" \/>\n\t<meta name=\"twitter:data1\" content=\"2 minutes\" \/>\n<script type=\"application\/ld+json\" class=\"yoast-schema-graph\">{\"@context\":\"https:\\\/\\\/schema.org\",\"@graph\":[{\"@type\":\"WebPage\",\"@id\":\"https:\\\/\\\/senior-world.es\\\/en\\\/producto\\\/andador-rollator-oceano-2-0-aluminio-plegable\\\/\",\"url\":\"https:\\\/\\\/senior-world.es\\\/en\\\/producto\\\/andador-rollator-oceano-2-0-aluminio-plegable\\\/\",\"name\":\"andador rollator oceano 2.0: Ligero y plegable\",\"isPartOf\":{\"@id\":\"https:\\\/\\\/senior-world.es\\\/en\\\/#website\"},\"primaryImageOfPage\":{\"@id\":\"https:\\\/\\\/senior-world.es\\\/en\\\/producto\\\/andador-rollator-oceano-2-0-aluminio-plegable\\\/#primaryimage\"},\"image\":{\"@id\":\"https:\\\/\\\/senior-world.es\\\/en\\\/producto\\\/andador-rollator-oceano-2-0-aluminio-plegable\\\/#primaryimage\"},\"thumbnailUrl\":\"https:\\\/\\\/senior-world.es\\\/wp-content\\\/uploads\\\/andador-rollator-oceano2.0-senior-world.jpg\",\"datePublished\":\"2025-12-29T11:38:18+00:00\",\"dateModified\":\"2025-12-30T12:30:22+00:00\",\"description\":\"Movilidad c\u00f3moda y ligera con el andador rollator Oceano 2.0, pensado para un manejo sencillo y un almacenamiento pr\u00e1ctico. \u00a1Hazte con \u00e9l ahora!\",\"breadcrumb\":{\"@id\":\"https:\\\/\\\/senior-world.es\\\/en\\\/producto\\\/andador-rollator-oceano-2-0-aluminio-plegable\\\/#breadcrumb\"},\"inLanguage\":\"en-US\",\"potentialAction\":[{\"@type\":\"ReadAction\",\"target\":[\"https:\\\/\\\/senior-world.es\\\/en\\\/producto\\\/andador-rollator-oceano-2-0-aluminio-plegable\\\/\"]}]},{\"@type\":\"ImageObject\",\"inLanguage\":\"en-US\",\"@id\":\"https:\\\/\\\/senior-world.es\\\/en\\\/producto\\\/andador-rollator-oceano-2-0-aluminio-plegable\\\/#primaryimage\",\"url\":\"https:\\\/\\\/senior-world.es\\\/wp-content\\\/uploads\\\/andador-rollator-oceano2.0-senior-world.jpg\",\"contentUrl\":\"https:\\\/\\\/senior-world.es\\\/wp-content\\\/uploads\\\/andador-rollator-oceano2.0-senior-world.jpg\",\"width\":2000,\"height\":1333},{\"@type\":\"BreadcrumbList\",\"@id\":\"https:\\\/\\\/senior-world.es\\\/en\\\/producto\\\/andador-rollator-oceano-2-0-aluminio-plegable\\\/#breadcrumb\",\"itemListElement\":[{\"@type\":\"ListItem\",\"position\":1,\"name\":\"Home\",\"item\":\"https:\\\/\\\/senior-world.es\\\/en\\\/\"},{\"@type\":\"ListItem\",\"position\":2,\"name\":\"Shop\",\"item\":\"https:\\\/\\\/senior-world.es\\\/tienda\\\/\"},{\"@type\":\"ListItem\",\"position\":3,\"name\":\"Mopedia Oceano 2.0\"}]},{\"@type\":\"WebSite\",\"@id\":\"https:\\\/\\\/senior-world.es\\\/en\\\/#website\",\"url\":\"https:\\\/\\\/senior-world.es\\\/en\\\/\",\"name\":\"Senior World\",\"description\":\"\",\"potentialAction\":[{\"@type\":\"SearchAction\",\"target\":{\"@type\":\"EntryPoint\",\"urlTemplate\":\"https:\\\/\\\/senior-world.es\\\/en\\\/?s={search_term_string}\"},\"query-input\":{\"@type\":\"PropertyValueSpecification\",\"valueRequired\":true,\"valueName\":\"search_term_string\"}}],\"inLanguage\":\"en-US\"}]}<\/script>\n<!-- \/ Yoast SEO plugin. -->","yoast_head_json":{"title":"andador rollator oceano 2.0: Ligero y plegable","description":"Movilidad c\u00f3moda y ligera con el andador rollator Oceano 2.0, pensado para un manejo sencillo y un almacenamiento pr\u00e1ctico. \u00a1Hazte con \u00e9l ahora!","robots":{"index":"index","follow":"follow","max-snippet":"max-snippet:-1","max-image-preview":"max-image-preview:large","max-video-preview":"max-video-preview:-1"},"canonical":"https:\/\/senior-world.es\/en\/producto\/andador-rollator-oceano-2-0-aluminio-plegable\/","og_locale":"en_US","og_type":"article","og_title":"andador rollator oceano 2.0: Ligero y plegable","og_description":"Movilidad c\u00f3moda y ligera con el andador rollator Oceano 2.0, pensado para un manejo sencillo y un almacenamiento pr\u00e1ctico. \u00a1Hazte con \u00e9l ahora!","og_url":"https:\/\/senior-world.es\/en\/producto\/andador-rollator-oceano-2-0-aluminio-plegable\/","og_site_name":"Senior World","article_modified_time":"2025-12-30T12:30:22+00:00","og_image":[{"width":2000,"height":1333,"url":"https:\/\/senior-world.es\/wp-content\/uploads\/andador-rollator-oceano2.0-senior-world.jpg","type":"image\/jpeg"}],"twitter_card":"summary_large_image","twitter_misc":{"Est. reading time":"2 minutes"},"schema":{"@context":"https:\/\/schema.org","@graph":[{"@type":"WebPage","@id":"https:\/\/senior-world.es\/en\/producto\/andador-rollator-oceano-2-0-aluminio-plegable\/","url":"https:\/\/senior-world.es\/en\/producto\/andador-rollator-oceano-2-0-aluminio-plegable\/","name":"andador rollator oceano 2.0: Ligero y plegable","isPartOf":{"@id":"https:\/\/senior-world.es\/en\/#website"},"primaryImageOfPage":{"@id":"https:\/\/senior-world.es\/en\/producto\/andador-rollator-oceano-2-0-aluminio-plegable\/#primaryimage"},"image":{"@id":"https:\/\/senior-world.es\/en\/producto\/andador-rollator-oceano-2-0-aluminio-plegable\/#primaryimage"},"thumbnailUrl":"https:\/\/senior-world.es\/wp-content\/uploads\/andador-rollator-oceano2.0-senior-world.jpg","datePublished":"2025-12-29T11:38:18+00:00","dateModified":"2025-12-30T12:30:22+00:00","description":"Movilidad c\u00f3moda y ligera con el andador rollator Oceano 2.0, pensado para un manejo sencillo y un almacenamiento pr\u00e1ctico. \u00a1Hazte con \u00e9l ahora!","breadcrumb":{"@id":"https:\/\/senior-world.es\/en\/producto\/andador-rollator-oceano-2-0-aluminio-plegable\/#breadcrumb"},"inLanguage":"en-US","potentialAction":[{"@type":"ReadAction","target":["https:\/\/senior-world.es\/en\/producto\/andador-rollator-oceano-2-0-aluminio-plegable\/"]}]},{"@type":"ImageObject","inLanguage":"en-US","@id":"https:\/\/senior-world.es\/en\/producto\/andador-rollator-oceano-2-0-aluminio-plegable\/#primaryimage","url":"https:\/\/senior-world.es\/wp-content\/uploads\/andador-rollator-oceano2.0-senior-world.jpg","contentUrl":"https:\/\/senior-world.es\/wp-content\/uploads\/andador-rollator-oceano2.0-senior-world.jpg","width":2000,"height":1333},{"@type":"BreadcrumbList","@id":"https:\/\/senior-world.es\/en\/producto\/andador-rollator-oceano-2-0-aluminio-plegable\/#breadcrumb","itemListElement":[{"@type":"ListItem","position":1,"name":"Home","item":"https:\/\/senior-world.es\/en\/"},{"@type":"ListItem","position":2,"name":"Shop","item":"https:\/\/senior-world.es\/tienda\/"},{"@type":"ListItem","position":3,"name":"Mopedia Oceano 2.0"}]},{"@type":"WebSite","@id":"https:\/\/senior-world.es\/en\/#website","url":"https:\/\/senior-world.es\/en\/","name":"Senior World","description":"","potentialAction":[{"@type":"SearchAction","target":{"@type":"EntryPoint","urlTemplate":"https:\/\/senior-world.es\/en\/?s={search_term_string}"},"query-input":{"@type":"PropertyValueSpecification","valueRequired":true,"valueName":"search_term_string"}}],"inLanguage":"en-US"}]}},"_links":{"self":[{"href":"https:\/\/senior-world.es\/en\/wp-json\/wp\/v2\/product\/19433","targetHints":{"allow":["GET"]}}],"collection":[{"href":"https:\/\/senior-world.es\/en\/wp-json\/wp\/v2\/product"}],"about":[{"href":"https:\/\/senior-world.es\/en\/wp-json\/wp\/v2\/types\/product"}],"replies":[{"embeddable":true,"href":"https:\/\/senior-world.es\/en\/wp-json\/wp\/v2\/comments?post=19433"}],"version-history":[{"count":2,"href":"https:\/\/senior-world.es\/en\/wp-json\/wp\/v2\/product\/19433\/revisions"}],"predecessor-version":[{"id":19438,"href":"https:\/\/senior-world.es\/en\/wp-json\/wp\/v2\/product\/19433\/revisions\/19438"}],"wp:featuredmedia":[{"embeddable":true,"href":"https:\/\/senior-world.es\/en\/wp-json\/wp\/v2\/media\/19434"}],"wp:attachment":[{"href":"https:\/\/senior-world.es\/en\/wp-json\/wp\/v2\/media?parent=19433"}],"wp:term":[{"taxonomy":"product_brand","embeddable":true,"href":"https:\/\/senior-world.es\/en\/wp-json\/wp\/v2\/product_brand?post=19433"},{"taxonomy":"product_cat","embeddable":true,"href":"https:\/\/senior-world.es\/en\/wp-json\/wp\/v2\/product_cat?post=19433"},{"taxonomy":"product_tag","embeddable":true,"href":"https:\/\/senior-world.es\/en\/wp-json\/wp\/v2\/product_tag?post=19433"}],"curies":[{"name":"wp","href":"https:\/\/api.w.org\/{rel}","templated":true}]}}